{"id":46,"date":"2021-11-21T19:45:44","date_gmt":"2021-11-21T18:45:44","guid":{"rendered":"http:\/\/strechyns.cz\/?page_id=46"},"modified":"2025-08-30T13:07:55","modified_gmt":"2025-08-30T11:07:55","slug":"uvodni-stranka","status":"publish","type":"page","link":"https:\/\/strechyns.cz\/","title":{"rendered":"\u00davodn\u00ed str\u00e1nka"},"content":{"rendered":"\n<div class=\"wp-block-cover alignfull is-light hestia-clear-top-padding\"><span aria-hidden=\"true\" class=\"wp-block-cover__background has-white-background-color has-background-dim-100 has-background-dim\"><\/span><div class=\"wp-block-cover__inner-container is-layout-flow wp-block-cover-is-layout-flow\">\n<h2 class=\"wp-block-heading has-text-align-center has-text-color\" style=\"color:#3c4858\">O n\u00e1s<\/h2>\n\n\n\n<p><\/p>\n\n\n\n<p class=\"has-text-align-center has-black-color has-text-color\" style=\"font-size:19px\">Jsme firma zab\u00fdvaj\u00edc\u00ed se realizac\u00ed st\u0159ech <strong>nejen<\/strong> v okol\u00ed Olomouce.<\/p>\n\n\n\n<p class=\"has-text-align-center has-black-color has-text-color\" style=\"font-size:19px\">Jsme t\u00fdm vyu\u010den\u00fdch klemp\u00ed\u0159\u016f, pokr\u00fdva\u010d\u016f s dlouholetou prax\u00ed se stav\u011bn\u00edm a opravami st\u0159ech.<\/p>\n\n\n\n<p class=\"has-text-align-center has-black-color has-text-color\" style=\"font-size:19px\">M\u00e1me v\u00edce ne\u017e 16-ti let\u00e9 zku\u0161enosti v oboru.<\/p>\n\n\n\n<p class=\"has-text-align-center has-black-color has-text-color\" style=\"font-size:19px\">M\u00e1me za sebou stavby nov\u00fdch i rekonstrukce p\u016fvodn\u00edch st\u0159ech (v\u010detn\u011b tesa\u0159sk\u00e9 pr\u00e1ce).<\/p>\n\n\n\n<p class=\"has-text-align-center\" style=\"font-size:19px\">Firma vlastn\u00ed : Kontejner, poj\u00edzdn\u00e9 hlin\u00edkov\u00e9 le\u0161en\u00ed, stavebn\u00ed v\u00fdtah, profesion\u00e1ln\u00ed n\u00e1\u0159ad\u00ed Milwaukee, Dewalt.<\/p>\n\n\n\n<p class=\"has-text-align-center has-black-color has-text-color\" style=\"font-size:19px\">S n\u00e1mi m\u00e1te jistotu, \u017ee budete m\u00edt kr\u00e1snou funk\u010dn\u00ed st\u0159echu.<\/p>\n\n\n\n<p><\/p>\n\n\n\n<h2 class=\"wp-block-heading has-text-align-center has-text-color\" style=\"color:#ff0004\">Zam\u011b\u0159en\u00ed i cenovou nab\u00eddku pro V\u00e1s ud\u011bl\u00e1me zdarma.<\/h2>\n\n\n\n<div style=\"height:31px\" aria-hidden=\"true\" class=\"wp-block-spacer\"><\/div>\n\n\n\n<h2 class=\"wp-block-heading has-text-align-center has-text-color\" style=\"color:#3c4858\">Na\u0161e c\u00edle<\/h2>\n\n\n\n<div class=\"wp-block-columns container is-layout-flex wp-container-core-columns-is-layout-28f84493 wp-block-columns-is-layout-flex\">\n<div class=\"wp-block-column is-layout-flow wp-block-column-is-layout-flow\"><div class=\"wp-block-image\">\n<figure class=\"aligncenter size-large\"><img decoding=\"async\" src=\"http:\/\/strechyns.cz\/wp-content\/themes\/hestia\/assets\/img\/feat2.png\" alt=\"\" class=\"wp-image-71\"\/><\/figure><\/div>\n\n\n<h5 class=\"wp-block-heading has-text-align-center has-text-color\" style=\"color:#3c4858;font-size:18px\">Kvalita<\/h5>\n\n\n\n<p class=\"has-text-align-center has-text-color has-normal-font-size\" style=\"color:#999999\">Prvo\u0159ad\u00fdm c\u00edlem je pro n\u00e1s kvalita. V\u017edy dodr\u017eujeme p\u0159esn\u011b technologick\u00e9 postupy, aby bylo d\u00edlo nejen kr\u00e1sn\u00e9 ale tak\u00e9 funk\u010dn\u00ed<\/p>\n\n\n\n<div style=\"height:25px\" aria-hidden=\"true\" class=\"wp-block-spacer\"><\/div>\n<\/div>\n\n\n\n<div class=\"wp-block-column is-layout-flow wp-block-column-is-layout-flow\"><div class=\"wp-block-image\">\n<figure class=\"aligncenter size-large\"><img decoding=\"async\" src=\"http:\/\/strechyns.cz\/wp-content\/themes\/hestia\/assets\/img\/feat3.png\" alt=\"\" class=\"wp-image-72\"\/><\/figure><\/div>\n\n\n<h5 class=\"wp-block-heading has-text-align-center has-text-color\" style=\"color:#3c4858;font-size:18px\">Spolehlivost<\/h5>\n\n\n\n<p class=\"has-text-align-center has-text-color has-normal-font-size\" style=\"color:#999999\">Dr\u017e\u00edme se dohody a term\u00edn\u016f. Harmonogram prac\u00ed stanovujeme p\u0159edem a dr\u017e\u00edme se ho. <\/p>\n\n\n\n<div style=\"height:25px\" aria-hidden=\"true\" class=\"wp-block-spacer\"><\/div>\n<\/div>\n\n\n\n<div class=\"wp-block-column is-layout-flow wp-block-column-is-layout-flow\"><div class=\"wp-block-image\">\n<figure class=\"aligncenter size-large\"><img decoding=\"async\" src=\"http:\/\/strechyns.cz\/wp-content\/themes\/hestia\/assets\/img\/feat1.png\" alt=\"\" class=\"wp-image-70\"\/><\/figure><\/div>\n\n\n<h5 class=\"wp-block-heading has-text-align-center has-text-color\" style=\"color:#3c4858;font-size:18px\">Zodpov\u011bdnost<\/h5>\n\n\n\n<p class=\"has-text-align-center has-text-color has-normal-font-size\" style=\"color:#999999\">Za svou prac\u00ed si stoj\u00edme a tak na ve\u0161ker\u00e9 pr\u00e1ce poskytujeme 5-ti letou z\u00e1ruku. <\/p>\n\n\n\n<div style=\"height:25px\" aria-hidden=\"true\" class=\"wp-block-spacer\"><\/div>\n<\/div>\n<\/div>\n\n\n\n<p><\/p>\n<\/div><\/div>\n","protected":false},"excerpt":{"rendered":"","protected":false},"author":1,"featured_media":0,"parent":0,"menu_order":0,"comment_status":"closed","ping_status":"closed","template":"","meta":{"footnotes":""},"class_list":["post-46","page","type-page","status-publish","hentry"],"yoast_head":"<!-- This site is optimized with the Yoast SEO plugin v18.1 - https:\/\/yoast.com\/wordpress\/plugins\/seo\/ -->\n<title>\u00davodn\u00ed str\u00e1nka - Spr\u00e1vn\u00e1 st\u0159echa pro v\u00e1\u0161 klidn\u00fd sp\u00e1nek<\/title>\n<meta name=\"robots\" content=\"index, follow, max-snippet:-1, max-image-preview:large, max-video-preview:-1\" \/>\n<link rel=\"canonical\" href=\"https:\/\/strechyns.cz\/\" \/>\n<meta property=\"og:locale\" content=\"cs_CZ\" \/>\n<meta property=\"og:type\" content=\"article\" \/>\n<meta property=\"og:title\" content=\"\u00davodn\u00ed str\u00e1nka - Spr\u00e1vn\u00e1 st\u0159echa pro v\u00e1\u0161 klidn\u00fd sp\u00e1nek\" \/>\n<meta property=\"og:url\" content=\"https:\/\/strechyns.cz\/\" \/>\n<meta property=\"og:site_name\" content=\"Spr\u00e1vn\u00e1 st\u0159echa pro v\u00e1\u0161 klidn\u00fd sp\u00e1nek\" \/>\n<meta property=\"article:modified_time\" content=\"2025-08-30T11:07:55+00:00\" \/>\n<meta property=\"og:image\" content=\"http:\/\/strechyns.cz\/wp-content\/themes\/hestia\/assets\/img\/feat2.png\" \/>\n<meta name=\"twitter:card\" content=\"summary_large_image\" \/>\n<meta name=\"twitter:label1\" content=\"Odhadovan\u00e1 doba \u010dten\u00ed\" \/>\n\t<meta name=\"twitter:data1\" content=\"2 minuty\" \/>\n<script type=\"application\/ld+json\" class=\"yoast-schema-graph\">{\"@context\":\"https:\/\/schema.org\",\"@graph\":[{\"@type\":\"WebSite\",\"@id\":\"https:\/\/strechyns.cz\/#website\",\"url\":\"https:\/\/strechyns.cz\/\",\"name\":\"Spr\u00e1vn\u00e1 st\u0159echa pro v\u00e1\u0161 klidn\u00fd sp\u00e1nek\",\"description\":\"\",\"potentialAction\":[{\"@type\":\"SearchAction\",\"target\":{\"@type\":\"EntryPoint\",\"urlTemplate\":\"https:\/\/strechyns.cz\/?s={search_term_string}\"},\"query-input\":\"required name=search_term_string\"}],\"inLanguage\":\"cs\"},{\"@type\":\"ImageObject\",\"@id\":\"https:\/\/strechyns.cz\/#primaryimage\",\"inLanguage\":\"cs\",\"url\":\"http:\/\/strechyns.cz\/wp-content\/themes\/hestia\/assets\/img\/feat2.png\",\"contentUrl\":\"http:\/\/strechyns.cz\/wp-content\/themes\/hestia\/assets\/img\/feat2.png\"},{\"@type\":\"WebPage\",\"@id\":\"https:\/\/strechyns.cz\/#webpage\",\"url\":\"https:\/\/strechyns.cz\/\",\"name\":\"\u00davodn\u00ed str\u00e1nka - Spr\u00e1vn\u00e1 st\u0159echa pro v\u00e1\u0161 klidn\u00fd sp\u00e1nek\",\"isPartOf\":{\"@id\":\"https:\/\/strechyns.cz\/#website\"},\"primaryImageOfPage\":{\"@id\":\"https:\/\/strechyns.cz\/#primaryimage\"},\"datePublished\":\"2021-11-21T18:45:44+00:00\",\"dateModified\":\"2025-08-30T11:07:55+00:00\",\"breadcrumb\":{\"@id\":\"https:\/\/strechyns.cz\/#breadcrumb\"},\"inLanguage\":\"cs\",\"potentialAction\":[{\"@type\":\"ReadAction\",\"target\":[\"https:\/\/strechyns.cz\/\"]}]},{\"@type\":\"BreadcrumbList\",\"@id\":\"https:\/\/strechyns.cz\/#breadcrumb\",\"itemListElement\":[{\"@type\":\"ListItem\",\"position\":1,\"name\":\"Dom\u016f\",\"item\":\"https:\/\/strechyns.cz\/\"},{\"@type\":\"ListItem\",\"position\":2,\"name\":\"\u00davodn\u00ed str\u00e1nka\"}]}]}<\/script>\n<!-- \/ Yoast SEO plugin. -->","yoast_head_json":{"title":"\u00davodn\u00ed str\u00e1nka - Spr\u00e1vn\u00e1 st\u0159echa pro v\u00e1\u0161 klidn\u00fd sp\u00e1nek","robots":{"index":"index","follow":"follow","max-snippet":"max-snippet:-1","max-image-preview":"max-image-preview:large","max-video-preview":"max-video-preview:-1"},"canonical":"https:\/\/strechyns.cz\/","og_locale":"cs_CZ","og_type":"article","og_title":"\u00davodn\u00ed str\u00e1nka - Spr\u00e1vn\u00e1 st\u0159echa pro v\u00e1\u0161 klidn\u00fd sp\u00e1nek","og_url":"https:\/\/strechyns.cz\/","og_site_name":"Spr\u00e1vn\u00e1 st\u0159echa pro v\u00e1\u0161 klidn\u00fd sp\u00e1nek","article_modified_time":"2025-08-30T11:07:55+00:00","og_image":[{"url":"http:\/\/strechyns.cz\/wp-content\/themes\/hestia\/assets\/img\/feat2.png"}],"twitter_card":"summary_large_image","twitter_misc":{"Odhadovan\u00e1 doba \u010dten\u00ed":"2 minuty"},"schema":{"@context":"https:\/\/schema.org","@graph":[{"@type":"WebSite","@id":"https:\/\/strechyns.cz\/#website","url":"https:\/\/strechyns.cz\/","name":"Spr\u00e1vn\u00e1 st\u0159echa pro v\u00e1\u0161 klidn\u00fd sp\u00e1nek","description":"","potentialAction":[{"@type":"SearchAction","target":{"@type":"EntryPoint","urlTemplate":"https:\/\/strechyns.cz\/?s={search_term_string}"},"query-input":"required name=search_term_string"}],"inLanguage":"cs"},{"@type":"ImageObject","@id":"https:\/\/strechyns.cz\/#primaryimage","inLanguage":"cs","url":"http:\/\/strechyns.cz\/wp-content\/themes\/hestia\/assets\/img\/feat2.png","contentUrl":"http:\/\/strechyns.cz\/wp-content\/themes\/hestia\/assets\/img\/feat2.png"},{"@type":"WebPage","@id":"https:\/\/strechyns.cz\/#webpage","url":"https:\/\/strechyns.cz\/","name":"\u00davodn\u00ed str\u00e1nka - Spr\u00e1vn\u00e1 st\u0159echa pro v\u00e1\u0161 klidn\u00fd sp\u00e1nek","isPartOf":{"@id":"https:\/\/strechyns.cz\/#website"},"primaryImageOfPage":{"@id":"https:\/\/strechyns.cz\/#primaryimage"},"datePublished":"2021-11-21T18:45:44+00:00","dateModified":"2025-08-30T11:07:55+00:00","breadcrumb":{"@id":"https:\/\/strechyns.cz\/#breadcrumb"},"inLanguage":"cs","potentialAction":[{"@type":"ReadAction","target":["https:\/\/strechyns.cz\/"]}]},{"@type":"BreadcrumbList","@id":"https:\/\/strechyns.cz\/#breadcrumb","itemListElement":[{"@type":"ListItem","position":1,"name":"Dom\u016f","item":"https:\/\/strechyns.cz\/"},{"@type":"ListItem","position":2,"name":"\u00davodn\u00ed str\u00e1nka"}]}]}},"_links":{"self":[{"href":"https:\/\/strechyns.cz\/index.php?rest_route=\/wp\/v2\/pages\/46","targetHints":{"allow":["GET"]}}],"collection":[{"href":"https:\/\/strechyns.cz\/index.php?rest_route=\/wp\/v2\/pages"}],"about":[{"href":"https:\/\/strechyns.cz\/index.php?rest_route=\/wp\/v2\/types\/page"}],"author":[{"embeddable":true,"href":"https:\/\/strechyns.cz\/index.php?rest_route=\/wp\/v2\/users\/1"}],"replies":[{"embeddable":true,"href":"https:\/\/strechyns.cz\/index.php?rest_route=%2Fwp%2Fv2%2Fcomments&post=46"}],"version-history":[{"count":8,"href":"https:\/\/strechyns.cz\/index.php?rest_route=\/wp\/v2\/pages\/46\/revisions"}],"predecessor-version":[{"id":447,"href":"https:\/\/strechyns.cz\/index.php?rest_route=\/wp\/v2\/pages\/46\/revisions\/447"}],"wp:attachment":[{"href":"https:\/\/strechyns.cz\/index.php?rest_route=%2Fwp%2Fv2%2Fmedia&parent=46"}],"curies":[{"name":"wp","href":"https:\/\/api.w.org\/{rel}","templated":true}]}}