{"id":36,"date":"2021-11-21T19:45:44","date_gmt":"2021-11-21T18:45:44","guid":{"rendered":"http:\/\/strechyns.cz\/?page_id=36"},"modified":"2024-09-22T08:47:57","modified_gmt":"2024-09-22T06:47:57","slug":"kontakt","status":"publish","type":"page","link":"https:\/\/strechyns.cz\/?page_id=36","title":{"rendered":"Kontakt"},"content":{"rendered":"\n<p><strong>Tom\u00e1\u0161 Jansa<\/strong><\/p>\n\n\n\n<p><strong>Telefon:<\/strong> +420 777 935 433<\/p>\n\n\n\n<p><strong>Email:<\/strong> strechyns@seznam.cz<\/p>\n","protected":false},"excerpt":{"rendered":"<p>Tom\u00e1\u0161 Jansa Telefon: +420 777 935 433 Email: strechyns@seznam.cz<\/p>\n","protected":false},"author":1,"featured_media":0,"parent":0,"menu_order":0,"comment_status":"closed","ping_status":"closed","template":"","meta":{"footnotes":""},"class_list":["post-36","page","type-page","status-publish","hentry"],"yoast_head":"<!-- This site is optimized with the Yoast SEO plugin v18.1 - https:\/\/yoast.com\/wordpress\/plugins\/seo\/ -->\n<title>Kontakt - Spr\u00e1vn\u00e1 st\u0159echa pro v\u00e1\u0161 klidn\u00fd sp\u00e1nek<\/title>\n<meta name=\"robots\" content=\"index, follow, max-snippet:-1, max-image-preview:large, max-video-preview:-1\" \/>\n<link rel=\"canonical\" href=\"https:\/\/strechyns.cz\/?page_id=36\" \/>\n<meta property=\"og:locale\" content=\"cs_CZ\" \/>\n<meta property=\"og:type\" content=\"article\" \/>\n<meta property=\"og:title\" content=\"Kontakt - Spr\u00e1vn\u00e1 st\u0159echa pro v\u00e1\u0161 klidn\u00fd sp\u00e1nek\" \/>\n<meta property=\"og:description\" content=\"Tom\u00e1\u0161 Jansa Telefon: +420 777 935 433 Email: strechyns@seznam.cz\" \/>\n<meta property=\"og:url\" content=\"https:\/\/strechyns.cz\/?page_id=36\" \/>\n<meta property=\"og:site_name\" content=\"Spr\u00e1vn\u00e1 st\u0159echa pro v\u00e1\u0161 klidn\u00fd sp\u00e1nek\" \/>\n<meta property=\"article:modified_time\" content=\"2024-09-22T06:47:57+00:00\" \/>\n<meta name=\"twitter:card\" content=\"summary_large_image\" \/>\n<meta name=\"twitter:label1\" content=\"Odhadovan\u00e1 doba \u010dten\u00ed\" \/>\n\t<meta name=\"twitter:data1\" content=\"1 minuta\" \/>\n<script type=\"application\/ld+json\" class=\"yoast-schema-graph\">{\"@context\":\"https:\/\/schema.org\",\"@graph\":[{\"@type\":\"WebSite\",\"@id\":\"https:\/\/strechyns.cz\/#website\",\"url\":\"https:\/\/strechyns.cz\/\",\"name\":\"Spr\u00e1vn\u00e1 st\u0159echa pro v\u00e1\u0161 klidn\u00fd sp\u00e1nek\",\"description\":\"\",\"potentialAction\":[{\"@type\":\"SearchAction\",\"target\":{\"@type\":\"EntryPoint\",\"urlTemplate\":\"https:\/\/strechyns.cz\/?s={search_term_string}\"},\"query-input\":\"required name=search_term_string\"}],\"inLanguage\":\"cs\"},{\"@type\":\"WebPage\",\"@id\":\"https:\/\/strechyns.cz\/?page_id=36#webpage\",\"url\":\"https:\/\/strechyns.cz\/?page_id=36\",\"name\":\"Kontakt - Spr\u00e1vn\u00e1 st\u0159echa pro v\u00e1\u0161 klidn\u00fd sp\u00e1nek\",\"isPartOf\":{\"@id\":\"https:\/\/strechyns.cz\/#website\"},\"datePublished\":\"2021-11-21T18:45:44+00:00\",\"dateModified\":\"2024-09-22T06:47:57+00:00\",\"breadcrumb\":{\"@id\":\"https:\/\/strechyns.cz\/?page_id=36#breadcrumb\"},\"inLanguage\":\"cs\",\"potentialAction\":[{\"@type\":\"ReadAction\",\"target\":[\"https:\/\/strechyns.cz\/?page_id=36\"]}]},{\"@type\":\"BreadcrumbList\",\"@id\":\"https:\/\/strechyns.cz\/?page_id=36#breadcrumb\",\"itemListElement\":[{\"@type\":\"ListItem\",\"position\":1,\"name\":\"Dom\u016f\",\"item\":\"https:\/\/strechyns.cz\/\"},{\"@type\":\"ListItem\",\"position\":2,\"name\":\"Kontakt\"}]}]}<\/script>\n<!-- \/ Yoast SEO plugin. -->","yoast_head_json":{"title":"Kontakt - Spr\u00e1vn\u00e1 st\u0159echa pro v\u00e1\u0161 klidn\u00fd sp\u00e1nek","robots":{"index":"index","follow":"follow","max-snippet":"max-snippet:-1","max-image-preview":"max-image-preview:large","max-video-preview":"max-video-preview:-1"},"canonical":"https:\/\/strechyns.cz\/?page_id=36","og_locale":"cs_CZ","og_type":"article","og_title":"Kontakt - Spr\u00e1vn\u00e1 st\u0159echa pro v\u00e1\u0161 klidn\u00fd sp\u00e1nek","og_description":"Tom\u00e1\u0161 Jansa Telefon: +420 777 935 433 Email: strechyns@seznam.cz","og_url":"https:\/\/strechyns.cz\/?page_id=36","og_site_name":"Spr\u00e1vn\u00e1 st\u0159echa pro v\u00e1\u0161 klidn\u00fd sp\u00e1nek","article_modified_time":"2024-09-22T06:47:57+00:00","twitter_card":"summary_large_image","twitter_misc":{"Odhadovan\u00e1 doba \u010dten\u00ed":"1 minuta"},"schema":{"@context":"https:\/\/schema.org","@graph":[{"@type":"WebSite","@id":"https:\/\/strechyns.cz\/#website","url":"https:\/\/strechyns.cz\/","name":"Spr\u00e1vn\u00e1 st\u0159echa pro v\u00e1\u0161 klidn\u00fd sp\u00e1nek","description":"","potentialAction":[{"@type":"SearchAction","target":{"@type":"EntryPoint","urlTemplate":"https:\/\/strechyns.cz\/?s={search_term_string}"},"query-input":"required name=search_term_string"}],"inLanguage":"cs"},{"@type":"WebPage","@id":"https:\/\/strechyns.cz\/?page_id=36#webpage","url":"https:\/\/strechyns.cz\/?page_id=36","name":"Kontakt - Spr\u00e1vn\u00e1 st\u0159echa pro v\u00e1\u0161 klidn\u00fd sp\u00e1nek","isPartOf":{"@id":"https:\/\/strechyns.cz\/#website"},"datePublished":"2021-11-21T18:45:44+00:00","dateModified":"2024-09-22T06:47:57+00:00","breadcrumb":{"@id":"https:\/\/strechyns.cz\/?page_id=36#breadcrumb"},"inLanguage":"cs","potentialAction":[{"@type":"ReadAction","target":["https:\/\/strechyns.cz\/?page_id=36"]}]},{"@type":"BreadcrumbList","@id":"https:\/\/strechyns.cz\/?page_id=36#breadcrumb","itemListElement":[{"@type":"ListItem","position":1,"name":"Dom\u016f","item":"https:\/\/strechyns.cz\/"},{"@type":"ListItem","position":2,"name":"Kontakt"}]}]}},"_links":{"self":[{"href":"https:\/\/strechyns.cz\/index.php?rest_route=\/wp\/v2\/pages\/36","targetHints":{"allow":["GET"]}}],"collection":[{"href":"https:\/\/strechyns.cz\/index.php?rest_route=\/wp\/v2\/pages"}],"about":[{"href":"https:\/\/strechyns.cz\/index.php?rest_route=\/wp\/v2\/types\/page"}],"author":[{"embeddable":true,"href":"https:\/\/strechyns.cz\/index.php?rest_route=\/wp\/v2\/users\/1"}],"replies":[{"embeddable":true,"href":"https:\/\/strechyns.cz\/index.php?rest_route=%2Fwp%2Fv2%2Fcomments&post=36"}],"version-history":[{"count":5,"href":"https:\/\/strechyns.cz\/index.php?rest_route=\/wp\/v2\/pages\/36\/revisions"}],"predecessor-version":[{"id":438,"href":"https:\/\/strechyns.cz\/index.php?rest_route=\/wp\/v2\/pages\/36\/revisions\/438"}],"wp:attachment":[{"href":"https:\/\/strechyns.cz\/index.php?rest_route=%2Fwp%2Fv2%2Fmedia&parent=36"}],"curies":[{"name":"wp","href":"https:\/\/api.w.org\/{rel}","templated":true}]}}